{"id":2887,"date":"2023-07-08T22:58:40","date_gmt":"2023-07-08T20:58:40","guid":{"rendered":"https:\/\/tdn.ne\/?page_id=2887"},"modified":"2023-07-08T23:02:30","modified_gmt":"2023-07-08T21:02:30","slug":"direction-generale-2","status":"publish","type":"page","link":"https:\/\/tdn.ne\/index.php\/direction-generale-2\/","title":{"rendered":"Direction G\u00e9n\u00e9rale"},"content":{"rendered":"<h2>\u00a0<\/h2>\n<p>La Direction G\u00e9n\u00e9rale comprend\u00a0:\u00a0<\/p>\n<ul>\n<li>le Secr\u00e9tariat du Directeur G\u00e9n\u00e9ral\u00a0;<\/li>\n<li>les Conseillers Techniques\u00a0;<\/li>\n<li>le Contr\u00f4leur Interne ;<\/li>\n<li>le Secr\u00e9tariat G\u00e9n\u00e9ral\u00a0;\u00a0<\/li>\n<li>la Direction Technique\u00a0 ;<\/li>\n<li>la Direction Comptable et Financi\u00e8re\u00a0;<\/li>\n<li>la Direction des Ressources Humaines\u00a0;<\/li>\n<li>la Direction Commerciale et relations publiques<\/li>\n<\/ul>\n<p>&nbsp;<\/p>\n<p><strong>Des Dispositions\u00a0 Communes aux Directions<\/strong><\/p>\n<p>Les Directeurs\u00a0 proposent au Directeur G\u00e9n\u00e9ral toutes mesures propres \u00e0 assurer l\u2019ex\u00e9cution des d\u00e9cisions des autorit\u00e9s de tutelle et des organes d\u00e9lib\u00e9rants.<\/p>\n<p>Ils proposent, en outre, toutes mesures int\u00e9ressant leur Direction \u00e0 soumettre aux organes d\u00e9lib\u00e9rants.<\/p>\n<p>Les Directions sont organis\u00e9es\u00a0 en services et en\u00a0 bureaux.<\/p>\n<p>Les directeurs sont nomm\u00e9s par arr\u00eat\u00e9 du ministre en charge de la communication, sur proposition du directeur g\u00e9n\u00e9ral.<\/p>\n<p>Les Chefs des services sont nomm\u00e9s par le Directeur G\u00e9n\u00e9ral sur proposition des Directeurs.<\/p>\n<p>Les Chefs de bureaux sont nomm\u00e9s par les Directeurs sur proposition des Chefs des services.<\/p>\n<p><strong>\u00a0\u00a0\u00a0\u00a0 Le\u00a0 Secr\u00e9tariat du Directeur G\u00e9n\u00e9ral <\/strong><\/p>\n<p>Le Secr\u00e9tariat est dirig\u00e9 par un(e) secr\u00e9taire de Direction qui est charg\u00e9(e)de :<\/p>\n<ul>\n<li>traitement et la saisie des documents\u00a0;<\/li>\n<li>la gestion du t\u00e9l\u00e9phone et des audiences du directeur g\u00e9n\u00e9ral\u00a0;<\/li>\n<li>l&rsquo;ouverture, l&rsquo;examen et la r\u00e9partition du courrier arriv\u00e9e ;<\/li>\n<li>le contr\u00f4le et l&rsquo;exp\u00e9dition du courrier d\u00e9part ;<\/li>\n<li>le classement des dossiers.<\/li>\n<\/ul>\n<p><strong>Les Conseillers Techniques<\/strong><\/p>\n<p>Les\u00a0 Conseillers Techniques du Directeur G\u00e9n\u00e9ral, ont pour missions de conseiller et d\u2019assister le Directeur G\u00e9n\u00e9ral sur toutes les questions relevant de la gestion de T\u00e9l\u00e9 diffusion du Niger (TDN)<\/p>\n<ul>\n<li>d\u2019assister le Directeur G\u00e9n\u00e9ral dans la d\u00e9finition et l\u2019\u00e9laboration de la politique g\u00e9n\u00e9rale de toute question pouvant avoir une implication juridique ;<\/li>\n<\/ul>\n<p>&nbsp;<\/p>\n","protected":false},"excerpt":{"rendered":"<p>\u00a0 La Direction G\u00e9n\u00e9rale comprend\u00a0:\u00a0 le Secr\u00e9tariat du Directeur G\u00e9n\u00e9ral\u00a0; les Conseillers Techniques\u00a0; le Contr\u00f4leur Interne ; le Secr\u00e9tariat G\u00e9n\u00e9ral\u00a0;\u00a0<\/p>\n","protected":false},"author":1,"featured_media":0,"parent":0,"menu_order":0,"comment_status":"closed","ping_status":"closed","template":"","meta":{"_monsterinsights_skip_tracking":false,"_monsterinsights_sitenote_active":false,"_monsterinsights_sitenote_note":"","_monsterinsights_sitenote_category":0,"ngg_post_thumbnail":0,"footnotes":""},"class_list":["post-2887","page","type-page","status-publish","hentry"],"aioseo_notices":[],"_links":{"self":[{"href":"https:\/\/tdn.ne\/index.php\/wp-json\/wp\/v2\/pages\/2887","targetHints":{"allow":["GET"]}}],"collection":[{"href":"https:\/\/tdn.ne\/index.php\/wp-json\/wp\/v2\/pages"}],"about":[{"href":"https:\/\/tdn.ne\/index.php\/wp-json\/wp\/v2\/types\/page"}],"author":[{"embeddable":true,"href":"https:\/\/tdn.ne\/index.php\/wp-json\/wp\/v2\/users\/1"}],"replies":[{"embeddable":true,"href":"https:\/\/tdn.ne\/index.php\/wp-json\/wp\/v2\/comments?post=2887"}],"version-history":[{"count":2,"href":"https:\/\/tdn.ne\/index.php\/wp-json\/wp\/v2\/pages\/2887\/revisions"}],"predecessor-version":[{"id":2889,"href":"https:\/\/tdn.ne\/index.php\/wp-json\/wp\/v2\/pages\/2887\/revisions\/2889"}],"wp:attachment":[{"href":"https:\/\/tdn.ne\/index.php\/wp-json\/wp\/v2\/media?parent=2887"}],"curies":[{"name":"wp","href":"https:\/\/api.w.org\/{rel}","templated":true}]}}