{"id":2904,"date":"2024-02-07T17:22:25","date_gmt":"2024-02-07T16:22:25","guid":{"rendered":"https:\/\/tdn.ne\/?page_id=2904"},"modified":"2024-02-07T17:14:46","modified_gmt":"2024-02-07T16:14:46","slug":"editorial-le-jeu-en-vaut-la-chandelle","status":"publish","type":"page","link":"https:\/\/tdn.ne\/index.php\/editorial-le-jeu-en-vaut-la-chandelle\/","title":{"rendered":"Editorial : le jeu en vaut la chandelle"},"content":{"rendered":"<p style=\"text-align: justify;\">Le visionnaire aper\u00e7oit dans ses r\u00e9flexions et ses illusions, ce que le commun des mortels a du mal \u00e0 imaginer. Il en est de ce slogan anticipatif de la \u00ab&nbsp;Maison m\u00e8re&nbsp;\u00bb qui, dans les ann\u00e9es 1980 d\u00e9j\u00e0 scandait, \u00ab&nbsp;L\u2019ORTN par tout et pour tous&nbsp;\u00bb. Cette devise d\u2019une inspiration brillante r\u00e9sume assez bien la vision avant-gardiste de l\u2019institution sur l\u2019\u00e9volution des techniques de diffusion audiovisuelle. Au nombre de celles-ci, figure la T\u00e9l\u00e9vision Num\u00e9rique Terrestre (TNT), un mode de diffusion appr\u00e9ci\u00e9 de tous pour avoir perfectionn\u00e9 le paysage audiovisuel par l\u2019\u00e9mergence de nouvelles cha\u00eenes, l\u2019extension de leur amplitude de r\u00e9ception et l\u2019am\u00e9lioration de la qualit\u00e9 des images qu\u2019il offre. Et, signe des temps, l\u2019av\u00e8nement de la TNT a permis \u00e0 T\u00e9l\u00e9diffusion du Niger (TDN) de voir le jour et de servir notamment de d\u00e9nominateur commun aux cha\u00eenes de t\u00e9l\u00e9visions nationales publiques et priv\u00e9es en sa qualit\u00e9 de principal op\u00e9rateur technique de diffusion. Gr\u00e2ce \u00e0 ses multiples atouts, la TNT a r\u00e9volutionn\u00e9 le monde m\u00e9diatique audiovisuel dont elle est en train d\u2019acqu\u00e9rir une vaste et profonde admiration. Avec son essor, les habitudes d\u2019\u00e9coute ne cessent de s\u2019am\u00e9liorer, et les audiences de se fid\u00e9liser. Cette p\u00e9n\u00e9tration de plus en plus grandissante de la diffusion par TNT et son influence sur l\u2019assu\u00e9tude des t\u00e9l\u00e9spectateurs des contr\u00e9es m\u00eame les plus lointaines du Niger s\u2019expliquent par la qualit\u00e9, l\u2019efficacit\u00e9 du service et, toutes choses \u00e9gales par ailleurs, le co\u00fbt peu on\u00e9reux qui caract\u00e9rise cette technique de diffusion.<\/p>\n<p style=\"text-align: justify;\">Pour mieux appr\u00e9cier le d\u00e9veloppement du paysage m\u00e9diatique nig\u00e9rien et s\u2019adapter convenablement \u00e0 son temps, T\u00e9l\u00e9diffusion vous conseille l\u2019usage du d\u00e9codeur TNT. Le jeu en vaut la chandelle, car l\u2019acc\u00e8s \u00e0 l\u2019information, \u00e0 l\u2019\u00e9ducation et la promotion de nos cultures, est un droit fondamental.<\/p>\n<p>&nbsp;<\/p>\n","protected":false},"excerpt":{"rendered":"<p>Le visionnaire aper\u00e7oit dans ses r\u00e9flexions et ses illusions, ce que le commun des mortels a du mal \u00e0 imaginer.<\/p>\n","protected":false},"author":1,"featured_media":3166,"parent":0,"menu_order":0,"comment_status":"closed","ping_status":"closed","template":"","meta":{"_monsterinsights_skip_tracking":false,"_monsterinsights_sitenote_active":false,"_monsterinsights_sitenote_note":"","_monsterinsights_sitenote_category":0,"ngg_post_thumbnail":0,"footnotes":""},"class_list":["post-2904","page","type-page","status-publish","has-post-thumbnail","hentry"],"aioseo_notices":[],"_links":{"self":[{"href":"https:\/\/tdn.ne\/index.php\/wp-json\/wp\/v2\/pages\/2904","targetHints":{"allow":["GET"]}}],"collection":[{"href":"https:\/\/tdn.ne\/index.php\/wp-json\/wp\/v2\/pages"}],"about":[{"href":"https:\/\/tdn.ne\/index.php\/wp-json\/wp\/v2\/types\/page"}],"author":[{"embeddable":true,"href":"https:\/\/tdn.ne\/index.php\/wp-json\/wp\/v2\/users\/1"}],"replies":[{"embeddable":true,"href":"https:\/\/tdn.ne\/index.php\/wp-json\/wp\/v2\/comments?post=2904"}],"version-history":[{"count":3,"href":"https:\/\/tdn.ne\/index.php\/wp-json\/wp\/v2\/pages\/2904\/revisions"}],"predecessor-version":[{"id":3164,"href":"https:\/\/tdn.ne\/index.php\/wp-json\/wp\/v2\/pages\/2904\/revisions\/3164"}],"wp:featuredmedia":[{"embeddable":true,"href":"https:\/\/tdn.ne\/index.php\/wp-json\/wp\/v2\/media\/3166"}],"wp:attachment":[{"href":"https:\/\/tdn.ne\/index.php\/wp-json\/wp\/v2\/media?parent=2904"}],"curies":[{"name":"wp","href":"https:\/\/api.w.org\/{rel}","templated":true}]}}